{"id":41365,"date":"2017-06-06T09:23:23","date_gmt":"2017-06-06T07:23:23","guid":{"rendered":"https:\/\/gesundheit-und-sport.com\/setherapie-sauerstoff-energie-therapie\/"},"modified":"2024-09-11T19:01:35","modified_gmt":"2024-09-11T17:01:35","slug":"setherapie-sauerstoff-energie-therapie","status":"publish","type":"page","link":"https:\/\/gesundheit-und-sport.com\/en\/setherapie-sauerstoff-energie-therapie\/","title":{"rendered":"Spirovitaltherapie \/ Sauerstoff-Energie-Therapie"},"content":{"rendered":"<p>[et_pb_section fb_built=&#8221;1&#8243; admin_label=&#8221;section&#8221; _builder_version=&#8221;4.16&#8243; global_colors_info=&#8221;{}&#8221;][et_pb_row column_structure=&#8221;1_3,1_3,1_3&#8243; admin_label=&#8221;row&#8221; _builder_version=&#8221;4.16&#8243; background_size=&#8221;initial&#8221; background_position=&#8221;top_left&#8221; background_repeat=&#8221;repeat&#8221; global_colors_info=&#8221;{}&#8221;][et_pb_column type=&#8221;1_3&#8243; _builder_version=&#8221;4.16&#8243; custom_padding=&#8221;|||&#8221; global_colors_info=&#8221;{}&#8221; custom_padding__hover=&#8221;|||&#8221;][et_pb_image src=&#8221;https:\/\/gesundheit-und-sport.com\/wp-content\/uploads\/2017\/06\/SETHERAPIE-2.png&#8221; alt=&#8221;SETHERAPIE&#8221; title_text=&#8221;SETHERAPIE&#8221; align_tablet=&#8221;center&#8221; align_phone=&#8221;center&#8221; align_last_edited=&#8221;on|desktop&#8221; _builder_version=&#8221;4.16&#8243; animation=&#8221;off&#8221; sticky=&#8221;off&#8221; border_style=&#8221;solid&#8221; always_center_on_mobile=&#8221;on&#8221; global_colors_info=&#8221;{}&#8221;][\/et_pb_image][\/et_pb_column][et_pb_column type=&#8221;1_3&#8243; _builder_version=&#8221;4.16&#8243; custom_padding=&#8221;|||&#8221; global_colors_info=&#8221;{}&#8221; custom_padding__hover=&#8221;|||&#8221;][\/et_pb_column][et_pb_column type=&#8221;1_3&#8243; _builder_version=&#8221;4.16&#8243; custom_padding=&#8221;|||&#8221; global_colors_info=&#8221;{}&#8221; custom_padding__hover=&#8221;|||&#8221;][\/et_pb_column][\/et_pb_row][et_pb_row _builder_version=&#8221;4.16&#8243; background_size=&#8221;initial&#8221; background_position=&#8221;top_left&#8221; background_repeat=&#8221;repeat&#8221; global_colors_info=&#8221;{}&#8221;][et_pb_column type=&#8221;4_4&#8243; _builder_version=&#8221;4.16&#8243; custom_padding=&#8221;|||&#8221; global_colors_info=&#8221;{}&#8221; custom_padding__hover=&#8221;|||&#8221;][et_pb_text _builder_version=&#8221;4.16&#8243; global_colors_info=&#8221;{}&#8221;]<\/p>\n<h2 class=\"et_pb_toggle_title\">Die Spirovitaltherapie auch Sauerstoff-Energie-Therapie genannt wird erfolgreich bei COPD, Lungenemphysem, Asthma oder Makuladegeneration eingesetzt.<\/h2>\n<p>[\/et_pb_text][et_pb_text _builder_version=&#8221;4.16&#8243; border_style=&#8221;solid&#8221; global_colors_info=&#8221;{}&#8221;]<\/p>\n<div class=\"et_pb_toggle_content clearfix\">\n<p>Die COPD (Chronisch obstruktive Lungenerkrankung) ist eine chronische Lungenkrankheit \u2013 die immer weiter fortschreitet wenn klassische COPD Medikamente dauerhaft eingenommen werden!<\/p>\n<p>Die COPD\u00a0 als Lungenerkrankung ist weltweit auf dem Vormarsch. Klassische COPD Medikamente setzten dabei den K\u00f6rper \u201ek\u00fcnstlich\u201c unter starken Stress und bewirken eine weitere \u00dcberbl\u00e4hung der Lungenbl\u00e4schen und Weitstellung der Bronchien, damit die COPD Betroffenen besser Luft bekommen und weniger Atemnot haben. Die pharmakologische Hauptwirkung der klassischen COPD Medikamente hat Dauerstress im K\u00f6rper zur Folge (Beta-Sympathikomimetika, Anticholinergika, Kortison = Dauer-Sympathikotonie). Reparaturversuche des K\u00f6rpers mit vermehrter Schleimbildung (h\u00e4ufig morgens) und Entz\u00fcndungsreaktionen werden meist im Keim durch weitere Medikamente unterdr\u00fcckt und damit unm\u00f6glich.<\/p>\n<p>Die SET \u2013 Sauerstoffenergietherapie (Spirovitaltherapie) verbessert messbar die Regulationsf\u00e4higkeit unserer obersten Steuer- und Regelzentrale dem vegetativen Nervensystems (VNS). Wenn die oberste Steuerzentrale wieder besser funktioniert, k\u00f6nnen untergeordnete Systeme wieder besser regulieren und funktionieren. Prozesse, welche seit Jahrmillionen in der Natur ablaufen, sind die Basis und das Geheimnis der SET.<\/p>\n<p>Die Sauerstoff-Energie-Therapie ist keine Sauerstofftherapie \u2013 bei der dem K\u00f6rper vermehrt Sauerstoff zugef\u00fchrt wird!<\/p>\n<\/div>\n<p>[\/et_pb_text][\/et_pb_column][\/et_pb_row][et_pb_row column_structure=&#8221;1_3,2_3&#8243; _builder_version=&#8221;4.16&#8243; background_size=&#8221;initial&#8221; background_position=&#8221;top_left&#8221; background_repeat=&#8221;repeat&#8221; global_colors_info=&#8221;{}&#8221;][et_pb_column type=&#8221;1_3&#8243; _builder_version=&#8221;4.16&#8243; custom_padding=&#8221;|||&#8221; global_colors_info=&#8221;{}&#8221; custom_padding__hover=&#8221;|||&#8221;][et_pb_image src=&#8221;https:\/\/gesundheit-und-sport.com\/wp-content\/uploads\/2017\/06\/copd_kompendium_front.png&#8221; alt=&#8221;COPD Kompendium&#8221; title_text=&#8221;COPD Kompendium&#8221; align_tablet=&#8221;center&#8221; align_phone=&#8221;center&#8221; align_last_edited=&#8221;on|desktop&#8221; _builder_version=&#8221;4.16&#8243; animation=&#8221;off&#8221; sticky=&#8221;off&#8221; border_style=&#8221;solid&#8221; always_center_on_mobile=&#8221;on&#8221; global_colors_info=&#8221;{}&#8221;][\/et_pb_image][\/et_pb_column][et_pb_column type=&#8221;2_3&#8243; _builder_version=&#8221;4.16&#8243; custom_padding=&#8221;|||&#8221; global_colors_info=&#8221;{}&#8221; custom_padding__hover=&#8221;|||&#8221;][et_pb_text _builder_version=&#8221;4.16&#8243; global_colors_info=&#8221;{}&#8221;]<\/p>\n<h2>COPD Kompendium<\/h2>\n<p>[\/et_pb_text][et_pb_text _builder_version=&#8221;4.16&#8243; global_colors_info=&#8221;{}&#8221;]Unser Werk mit ausf\u00fchrlichen Informationen \u00fcber die Diagnose- und Therapiem\u00f6glichkeiten bei COPD &#8211; chronisch obstruktiven Lungenerkankungen. In diesem Kompendium werden die Ursachen und Therapiem\u00f6glichkeiten der COPD aus neuen \/ anderen Perspektiven dargestellt. Die langj\u00e4hrigen positiven Erfahrungsberichte der Spirovitaltherapie bei COPD Patienten inklusive der \u00fcberaus positiven Studienergebnisse lassen sich damit besser verstehen und zeigen f\u00fcr jeden nachvollziehbar, dass die Lungenfunktion verbessert werden kann, ohne immer mehr Medikamente oder hoch konzentrierten Sauerstoff geben zu m\u00fcssen.<\/p>\n<p><strong>Zum laden hier klicken 1,2MB<\/strong><br \/>\n[\/et_pb_text][et_pb_button button_url=&#8221;\/FGS&#8221; button_text=&#8221;ZUR\u00dcCK&#8221; button_alignment=&#8221;left&#8221; _builder_version=&#8221;4.16&#8243; background_layout=&#8221;dark&#8221; button_letter_spacing_hover=&#8221;0&#8243; global_colors_info=&#8221;{}&#8221; button_text_size__hover_enabled=&#8221;off&#8221; button_one_text_size__hover_enabled=&#8221;off&#8221; button_two_text_size__hover_enabled=&#8221;off&#8221; button_text_color__hover_enabled=&#8221;off&#8221; button_one_text_color__hover_enabled=&#8221;off&#8221; button_two_text_color__hover_enabled=&#8221;off&#8221; button_border_width__hover_enabled=&#8221;off&#8221; button_one_border_width__hover_enabled=&#8221;off&#8221; button_two_border_width__hover_enabled=&#8221;off&#8221; button_border_color__hover_enabled=&#8221;off&#8221; button_one_border_color__hover_enabled=&#8221;off&#8221; button_two_border_color__hover_enabled=&#8221;off&#8221; button_border_radius__hover_enabled=&#8221;off&#8221; button_one_border_radius__hover_enabled=&#8221;off&#8221; button_two_border_radius__hover_enabled=&#8221;off&#8221; button_letter_spacing__hover_enabled=&#8221;on&#8221; button_letter_spacing__hover=&#8221;0&#8243; button_one_letter_spacing__hover_enabled=&#8221;off&#8221; button_two_letter_spacing__hover_enabled=&#8221;off&#8221; button_bg_color__hover_enabled=&#8221;off&#8221; button_one_bg_color__hover_enabled=&#8221;off&#8221; button_two_bg_color__hover_enabled=&#8221;off&#8221;][\/et_pb_button][\/et_pb_column][\/et_pb_row][\/et_pb_section]<\/p>\n","protected":false},"excerpt":{"rendered":"<p>Die Spirovitaltherapie auch Sauerstoff-Energie-Therapie genannt wird erfolgreich bei COPD, Lungenemphysem, Asthma oder Makuladegeneration eingesetzt. Die COPD (Chronisch obstruktive Lungenerkrankung) ist eine chronische Lungenkrankheit \u2013 die immer weiter fortschreitet wenn klassische COPD Medikamente dauerhaft eingenommen werden! Die COPD\u00a0 als Lungenerkrankung ist weltweit auf dem Vormarsch. Klassische COPD Medikamente setzten dabei den K\u00f6rper \u201ek\u00fcnstlich\u201c unter starken Stress [&hellip;]<\/p>\n","protected":false},"author":1,"featured_media":0,"parent":0,"menu_order":0,"comment_status":"closed","ping_status":"closed","template":"","meta":{"_et_pb_use_builder":"on","_et_pb_old_content":"","_et_gb_content_width":"","footnotes":""},"class_list":["post-41365","page","type-page","status-publish","hentry"],"_links":{"self":[{"href":"https:\/\/gesundheit-und-sport.com\/en\/wp-json\/wp\/v2\/pages\/41365","targetHints":{"allow":["GET"]}}],"collection":[{"href":"https:\/\/gesundheit-und-sport.com\/en\/wp-json\/wp\/v2\/pages"}],"about":[{"href":"https:\/\/gesundheit-und-sport.com\/en\/wp-json\/wp\/v2\/types\/page"}],"author":[{"embeddable":true,"href":"https:\/\/gesundheit-und-sport.com\/en\/wp-json\/wp\/v2\/users\/1"}],"replies":[{"embeddable":true,"href":"https:\/\/gesundheit-und-sport.com\/en\/wp-json\/wp\/v2\/comments?post=41365"}],"version-history":[{"count":4,"href":"https:\/\/gesundheit-und-sport.com\/en\/wp-json\/wp\/v2\/pages\/41365\/revisions"}],"predecessor-version":[{"id":49858,"href":"https:\/\/gesundheit-und-sport.com\/en\/wp-json\/wp\/v2\/pages\/41365\/revisions\/49858"}],"wp:attachment":[{"href":"https:\/\/gesundheit-und-sport.com\/en\/wp-json\/wp\/v2\/media?parent=41365"}],"curies":[{"name":"wp","href":"https:\/\/api.w.org\/{rel}","templated":true}]}}