{"id":39850,"date":"2023-01-20T10:11:37","date_gmt":"2023-01-20T09:11:37","guid":{"rendered":"https:\/\/gesundheit-und-sport.com\/interviews\/"},"modified":"2024-09-27T16:09:08","modified_gmt":"2024-09-27T14:09:08","slug":"interviews","status":"publish","type":"page","link":"https:\/\/gesundheit-und-sport.com\/en\/interviews\/","title":{"rendered":"Interviews"},"content":{"rendered":"<p>[et_pb_section fb_built=&#8221;1&#8243; _builder_version=&#8221;4.16&#8243; global_colors_info=&#8221;{}&#8221;][et_pb_row _builder_version=&#8221;4.19.4&#8243; _module_preset=&#8221;default&#8221; custom_margin=&#8221;||0px||false|false&#8221; custom_padding=&#8221;||0px||false|false&#8221; global_colors_info=&#8221;{}&#8221;][et_pb_column type=&#8221;4_4&#8243; _builder_version=&#8221;4.19.4&#8243; _module_preset=&#8221;default&#8221; global_colors_info=&#8221;{}&#8221;][et_pb_post_title meta=&#8221;off&#8221; featured_image=&#8221;off&#8221; _builder_version=&#8221;4.17.4&#8243; _module_preset=&#8221;default&#8221; global_colors_info=&#8221;{}&#8221;][\/et_pb_post_title][\/et_pb_column][\/et_pb_row][et_pb_row column_structure=&#8221;1_2,1_2&#8243; make_equal=&#8221;on&#8221; disabled_on=&#8221;on|on|off&#8221; _builder_version=&#8221;4.22.1&#8243; _module_preset=&#8221;default&#8221; global_colors_info=&#8221;{}&#8221;][et_pb_column type=&#8221;1_2&#8243; _builder_version=&#8221;4.19.4&#8243; _module_preset=&#8221;default&#8221; background_color=&#8221;#eeeeee&#8221; custom_padding=&#8221;20px|20px|20px|20px|true|true&#8221; box_shadow_style=&#8221;preset3&#8243; global_colors_info=&#8221;{}&#8221;][et_pb_text admin_label=&#8221;DIA fragt nach&#8230; Zeolith Pur von TRIMEDEA&#8221; _builder_version=&#8221;4.20.2&#8243; _module_preset=&#8221;default&#8221; global_colors_info=&#8221;{}&#8221;]<\/p>\n<h2><b>Dia is asking &#8230; Topic: Zeolite<br \/><\/b><\/h2>\n<p><b>Silko G\u00fcnzel in conversation with Dia:\u00a0<\/b><\/p>\n<p>How can I decide for myself, on the basis of knowledge, understanding and feeling, whether I need it at all, what to look out for and which of the many offers really suits me?<\/p>\n<p>Silko G\u00fcnzel explains the background to the exciting field of zeolite in a clear and understandable way.<\/p>\n<p>[\/et_pb_text][et_pb_text _builder_version=&#8221;4.20.2&#8243; _module_preset=&#8221;default&#8221; global_colors_info=&#8221;{}&#8221;]<\/p>\n<p><img decoding=\"async\" class=\"wp-image-32154  alignleft\" src=\"https:\/\/gesundheit-und-sport.com\/wp-content\/uploads\/2023\/01\/Telegram.png\" alt=\"\" width=\"50\" height=\"50 \" srcset=\"https:\/\/gesundheit-und-sport.com\/wp-content\/uploads\/2023\/01\/Telegram.png 200w, https:\/\/gesundheit-und-sport.com\/wp-content\/uploads\/2023\/01\/Telegram-150x150.png 150w\" sizes=\"(max-width: 200px) 100vw, 200px\" \/>Telegram:<br \/><strong><a href=\"https:\/\/t.me\/SEINundWIRKEN\/1257\" target=\"_blank\" rel=\"noopener\">https:\/\/t.me\/SEINundWIRKEN\/1257<\/a><\/strong><\/p>\n<p>[\/et_pb_text][et_pb_video src=&#8221;https:\/\/gesundheit-und-sport.com\/wp-content\/VIDEOS\/Dia_Zeolite_EN.mp4&#8243; image_src=&#8221;https:\/\/gesundheit-und-sport.com\/wp-content\/uploads\/2023\/04\/Bildschirmfoto-2023-04-13-um-11.50.43.png&#8221; play_icon_color=&#8221;#FFFFFF&#8221; font_icon=&#8221;&#x49;||divi||400&#8243; _builder_version=&#8221;4.20.4&#8243; _module_preset=&#8221;default&#8221; global_colors_info=&#8221;{}&#8221;][\/et_pb_video][et_pb_text _builder_version=&#8221;4.25.1&#8243; _module_preset=&#8221;default&#8221; hover_enabled=&#8221;0&#8243; global_colors_info=&#8221;{}&#8221; sticky_enabled=&#8221;0&#8243;]<\/p>\n<p>You can find the link to Dia&#8217;s personal product recommendation on the topic here: <strong><a href=\"https:\/\/trimedea.com\/en\/product-category\/zeolith-pur-en\/?ref=a344\" target=\"_blank\" rel=\"noopener\">www.trimedea.com<\/a><\/strong><\/p>\n<p>Here you will find even more about health, well-being and naturalness: <strong><a href=\"https:\/\/trimedea.com\/en\/trimedea-shop\/?ref=a344\" target=\"_blank\" rel=\"noopener\">Trimedea-Shop<\/a><\/strong><\/p>\n<p>[\/et_pb_text][\/et_pb_column][et_pb_column type=&#8221;1_2&#8243; _builder_version=&#8221;4.19.4&#8243; _module_preset=&#8221;default&#8221; background_color=&#8221;#eeeeee&#8221; custom_padding=&#8221;20px|20px|20px|20px|true|true&#8221; box_shadow_style=&#8221;preset3&#8243; global_colors_info=&#8221;{}&#8221;][et_pb_text admin_label=&#8221;DIA fragt nach&#8230; Zeolith Pur von TRIMEDEA&#8221; _builder_version=&#8221;4.22.1&#8243; _module_preset=&#8221;default&#8221; global_colors_info=&#8221;{}&#8221;]<\/p>\n<h2><b>Dia is asking &#8230; Topic: Silicon<br \/><\/b><\/h2>\n<p><b>Silko G\u00fcnzel talks to Dia about t<\/b><strong>he importance of silicon in the body and bioavailable sources of silicon.<\/strong><\/p>\n<p>Silicon is the second most abundant element on earth after oxygen. In this exciting episode, we find out how important it is for us humans.<\/p>\n<p>\ud83d\udccc What sources of silicon are there?<\/p>\n<p>\ud83d\udccc Why does silicon make us healthy, young, powerful and smart?<\/p>\n<p>[\/et_pb_text][et_pb_text _builder_version=&#8221;4.22.1&#8243; _module_preset=&#8221;default&#8221; global_colors_info=&#8221;{}&#8221;]<\/p>\n<p><img decoding=\"async\" class=\"wp-image-32154  alignleft\" src=\"https:\/\/gesundheit-und-sport.com\/wp-content\/uploads\/2023\/01\/Telegram.png\" alt=\"\" width=\"50\" height=\"50 \" srcset=\"https:\/\/gesundheit-und-sport.com\/wp-content\/uploads\/2023\/01\/Telegram.png 200w, https:\/\/gesundheit-und-sport.com\/wp-content\/uploads\/2023\/01\/Telegram-150x150.png 150w\" sizes=\"(max-width: 200px) 100vw, 200px\" \/>Telegram:<br \/><strong><a href=\"https:\/\/t.me\/SEINundWIRKEN\/1132\" target=\"_blank\" rel=\"noopener\">https:\/\/t.me\/SEINundWIRKEN\/1132<\/a><\/strong><\/p>\n<p>[\/et_pb_text][et_pb_video src=&#8221;https:\/\/gesundheit-und-sport.com\/wp-content\/VIDEOS\/Dia_is_asking_2_Silicon_EN.mp4&#8243; image_src=&#8221;https:\/\/gesundheit-und-sport.com\/wp-content\/uploads\/2023\/08\/Dia-fragt-nach-2-Silicium-scaled.jpg&#8221; play_icon_color=&#8221;#FFFFFF&#8221; font_icon=&#8221;&#x49;||divi||400&#8243; _builder_version=&#8221;4.22.1&#8243; _module_preset=&#8221;default&#8221; global_colors_info=&#8221;{}&#8221;][\/et_pb_video][et_pb_text _builder_version=&#8221;4.25.1&#8243; _module_preset=&#8221;default&#8221; hover_enabled=&#8221;0&#8243; global_colors_info=&#8221;{}&#8221; sticky_enabled=&#8221;0&#8243;]<\/p>\n<p>You can find the link to Dia&#8217;s personal product recommendation on the topic here: <strong><a href=\"https:\/\/trimedea.com\/en\/product-category\/silicon-pur\/?ref=a344\" target=\"_blank\" rel=\"noopener\">www.trimedea.com<\/a><\/strong><\/p>\n<p>Here you will find even more about health, well-being and naturalness: <strong><a href=\"https:\/\/trimedea.com\/en\/trimedea-shop\/?ref=a344\" target=\"_blank\" rel=\"noopener\">Trimedea-Shop<\/a><\/strong><\/p>\n<p>[\/et_pb_text][\/et_pb_column][\/et_pb_row][et_pb_row column_structure=&#8221;1_2,1_2&#8243; make_equal=&#8221;on&#8221; disabled_on=&#8221;off|off|off&#8221; _builder_version=&#8221;4.20.0&#8243; _module_preset=&#8221;default&#8221; global_colors_info=&#8221;{}&#8221;][et_pb_column type=&#8221;1_2&#8243; _builder_version=&#8221;4.19.4&#8243; _module_preset=&#8221;default&#8221; background_color=&#8221;#eeeeee&#8221; custom_padding=&#8221;20px|20px|20px|20px|true|true&#8221; box_shadow_style=&#8221;preset3&#8243; global_colors_info=&#8221;{}&#8221;][et_pb_text admin_label=&#8221;SEIN und WIRKEN1&#8243; _builder_version=&#8221;4.20.2&#8243; _module_preset=&#8221;default&#8221; global_colors_info=&#8221;{}&#8221;]<\/p>\n<h2><b>SEIN und WIRKEN<\/b><\/h2>\n<p><strong>Silko G\u00fcnzel in conversation with Dia and Piero on the subject of colloidal metals<\/strong>, part 1<\/p>\n<p>What belongs in the brain so that we can unfold our full potential and &#8211; again or finally &#8211; come into our full power and get through this challenging change more easily?<\/p>\n<p>Clearly and understandably Silko explains the complex processes and interrelationships in the ingestion of colloidal metals.<\/p>\n<p>[\/et_pb_text][et_pb_text _builder_version=&#8221;4.19.4&#8243; _module_preset=&#8221;default&#8221; global_colors_info=&#8221;{}&#8221;]<\/p>\n<p><img decoding=\"async\" class=\"wp-image-32154  alignleft\" src=\"https:\/\/gesundheit-und-sport.com\/wp-content\/uploads\/2023\/01\/Telegram.png\" alt=\"\" width=\"50\" height=\"50 \" srcset=\"https:\/\/gesundheit-und-sport.com\/wp-content\/uploads\/2023\/01\/Telegram.png 200w, https:\/\/gesundheit-und-sport.com\/wp-content\/uploads\/2023\/01\/Telegram-150x150.png 150w\" sizes=\"(max-width: 200px) 100vw, 200px\" \/>Telegram:<br \/><strong><a href=\"https:\/\/t.me\/SEINundWIRKEN\/888\" target=\"_blank\" rel=\"noopener\">https:\/\/t.me\/SEINundWIRKEN\/888<\/a><\/strong><\/p>\n<p>[\/et_pb_text][et_pb_video src=&#8221;https:\/\/gesundheit-und-sport.com\/wp-content\/VIDEOS\/Interview_1_Sein_und_Wirken_EN.mp4&#8243; image_src=&#8221;https:\/\/gesundheit-und-sport.com\/wp-content\/uploads\/2023\/01\/VIDEO_OVERLAY_FGS1.jpg&#8221; play_icon_color=&#8221;#FFFFFF&#8221; font_icon=&#8221;&#x49;||divi||400&#8243; _builder_version=&#8221;4.20.2&#8243; _module_preset=&#8221;default&#8221; global_colors_info=&#8221;{}&#8221;][\/et_pb_video][et_pb_text _builder_version=&#8221;4.20.2&#8243; _module_preset=&#8221;default&#8221; global_colors_info=&#8221;{}&#8221;]<\/p>\n<p>For more information about the colloidal metals and the special sets with special benefits for you, such as 1 liter colloidal gold &#038; 100 ml spray bottle for free on top, click here: <a href=\"http:\/\/www.trimedea-sets.com\"><b>www.trimedea-sets.com<\/b><\/a><\/p>\n<p>[\/et_pb_text][\/et_pb_column][et_pb_column type=&#8221;1_2&#8243; _builder_version=&#8221;4.19.4&#8243; _module_preset=&#8221;default&#8221; background_color=&#8221;#eeeeee&#8221; custom_padding=&#8221;20px|20px|20px|20px|true|true&#8221; box_shadow_style=&#8221;preset3&#8243; global_colors_info=&#8221;{}&#8221;][et_pb_text admin_label=&#8221;SEIN und WIRKEN 2&#8243; _builder_version=&#8221;4.20.2&#8243; _module_preset=&#8221;default&#8221; global_colors_info=&#8221;{}&#8221;]<\/p>\n<h2><b>SEIN und WIRKEN <\/b><\/h2>\n<p><b>Second part of the interview with Silko G\u00fcnzel on colloidal metals: <\/b><\/p>\n<p>This time, Dia and Piero talk about the successful treatment of allergies, the effect of colloidal cobalt and more insight thanks to germanium.<\/p>\n<p>&nbsp;<\/p>\n<p>[\/et_pb_text][et_pb_text _builder_version=&#8221;4.19.4&#8243; _module_preset=&#8221;default&#8221; global_colors_info=&#8221;{}&#8221;]<\/p>\n<p><img decoding=\"async\" class=\"wp-image-32154  alignleft\" src=\"https:\/\/gesundheit-und-sport.com\/wp-content\/uploads\/2023\/01\/Telegram.png\" alt=\"\" width=\"50\" height=\"50 \" srcset=\"https:\/\/gesundheit-und-sport.com\/wp-content\/uploads\/2023\/01\/Telegram.png 200w, https:\/\/gesundheit-und-sport.com\/wp-content\/uploads\/2023\/01\/Telegram-150x150.png 150w\" sizes=\"(max-width: 200px) 100vw, 200px\" \/>Telegram:<br \/><strong><a href=\"https:\/\/t.me\/SEINundWIRKEN\/975\" target=\"_blank\" rel=\"noopener\">https:\/\/t.me\/SEINundWIRKEN\/975<\/a><\/strong><\/p>\n<p>[\/et_pb_text][et_pb_video src=&#8221;https:\/\/gesundheit-und-sport.com\/wp-content\/VIDEOS\/Interview_2_Sein_und_Wirken_EN.mp4&#8243; image_src=&#8221;https:\/\/gesundheit-und-sport.com\/wp-content\/uploads\/2023\/01\/VIDEO_OVERLAY_FGS2.png&#8221; play_icon_color=&#8221;#FFFFFF&#8221; font_icon=&#8221;&#x49;||divi||400&#8243; _builder_version=&#8221;4.20.2&#8243; _module_preset=&#8221;default&#8221; global_colors_info=&#8221;{}&#8221;][\/et_pb_video][et_pb_text _builder_version=&#8221;4.25.1&#8243; _module_preset=&#8221;default&#8221; hover_enabled=&#8221;0&#8243; global_colors_info=&#8221;{}&#8221; sticky_enabled=&#8221;0&#8243;]<\/p>\n<p><b>Special Allergy &amp; Hay Fever Set &#8211; Trimedea<br \/>(Cobalt, Silver, Gold)<br \/><\/b><a href=\"https:\/\/trimedea.com\/en\/product\/special-allergy-hay-fever-set\/?ref=a344\" target=\"_blank\" rel=\"noopener\"><strong>Shop<\/strong><\/a><\/p>\n<p><b>Colloidal germanium for more visual acuity &#8211;<br \/>against tired eyes &#8211; Trimedea<br \/><\/b><a href=\"https:\/\/trimedea.com\/en\/product\/colloidal-germanium-eye-special-set\/?ref=a344\" target=\"_blank\" rel=\"noopener\"><strong>Shop<\/strong><\/a><\/p>\n<p>&nbsp;<\/p>\n<p>[\/et_pb_text][\/et_pb_column][\/et_pb_row][et_pb_row column_structure=&#8221;1_2,1_2&#8243; make_equal=&#8221;on&#8221; _builder_version=&#8221;4.20.2&#8243; _module_preset=&#8221;default&#8221; global_colors_info=&#8221;{}&#8221;][et_pb_column type=&#8221;1_2&#8243; _builder_version=&#8221;4.19.4&#8243; _module_preset=&#8221;default&#8221; background_color=&#8221;#eeeeee&#8221; custom_padding=&#8221;20px|20px|20px|20px|true|true&#8221; box_shadow_style=&#8221;preset3&#8243; global_colors_info=&#8221;{}&#8221;][et_pb_text admin_label=&#8221;Dr. Alina Lessenich&#8221; _builder_version=&#8221;4.20.0&#8243; _module_preset=&#8221;default&#8221; global_colors_info=&#8221;{}&#8221;]<\/p>\n<h2><b>Dr. Alina Lessenich<\/b><\/h2>\n<p><b>09\/02, 2022: Silko G\u00fcnzel<\/b> in conversation with Dr. Alina Lessenich about the effect of colloidal metals for vaccination discharge, brain and pineal gland activation<\/p>\n<p>[\/et_pb_text][et_pb_text _builder_version=&#8221;4.20.0&#8243; _module_preset=&#8221;default&#8221; global_colors_info=&#8221;{}&#8221;]<\/p>\n<p><img decoding=\"async\" class=\"wp-image-32154  alignleft\" src=\"https:\/\/gesundheit-und-sport.com\/wp-content\/uploads\/2023\/01\/Telegram.png\" alt=\"\" width=\"50\" height=\"50 \" srcset=\"https:\/\/gesundheit-und-sport.com\/wp-content\/uploads\/2023\/01\/Telegram.png 200w, https:\/\/gesundheit-und-sport.com\/wp-content\/uploads\/2023\/01\/Telegram-150x150.png 150w\" sizes=\"(max-width: 200px) 100vw, 200px\" \/>Telegram:<br \/><strong><a href=\"https:\/\/t.me\/dralinalessenich\/450\" target=\"_blank\" rel=\"noopener\">https:\/\/t.me\/dralinalessenich\/450<\/a><\/strong><\/p>\n<p><strong>Youtube: <a href=\"https:\/\/youtu.be\/iFh7cS6Yudo\" target=\"_blank\" rel=\"noopener\">https:\/\/youtu.be\/iFh7cS6Yudo<\/a><\/strong><\/p>\n<p>[\/et_pb_text][et_pb_video src=&#8221;https:\/\/www.youtube.com\/watch?v=i6nBHN4ueDY&#8221; image_src=&#8221;https:\/\/gesundheit-und-sport.com\/wp-content\/uploads\/2023\/01\/VIDEO_OVERLAY-FGS3.jpg&#8221; play_icon_color=&#8221;#FFFFFF&#8221; font_icon=&#8221;&#x49;||divi||400&#8243; _builder_version=&#8221;4.20.0&#8243; _module_preset=&#8221;default&#8221; global_colors_info=&#8221;{}&#8221;][\/et_pb_video][et_pb_text _builder_version=&#8221;4.25.1&#8243; _module_preset=&#8221;default&#8221; hover_enabled=&#8221;0&#8243; global_colors_info=&#8221;{}&#8221; sticky_enabled=&#8221;0&#8243;]<\/p>\n<p><b><span class=\"style-scope yt-formatted-string\" dir=\"auto\">Colloidal Metals by Trimedea<\/span><br \/><\/b><a href=\"https:\/\/trimedea.com\/?rev=Q23\" target=\"_blank\" rel=\"noopener\"><strong>Go to shop<\/strong><\/a><\/p>\n<p><b><span class=\"style-scope yt-formatted-string\" dir=\"auto\">Special Set Pineal Gland<\/span><br \/><\/b><strong><a href=\"https:\/\/trimedea.com\/en\/product\/special-set-pineal-gland-activation-regeneration\/?rev=Q23\" target=\"_blank\" rel=\"noopener\">Go to shop<\/a><\/strong><\/p>\n<div id=\"malwarebytes-root\"><\/div>\n<p>[\/et_pb_text][\/et_pb_column][et_pb_column type=&#8221;1_2&#8243; _builder_version=&#8221;4.20.2&#8243; _module_preset=&#8221;default&#8221; global_colors_info=&#8221;{}&#8221;][\/et_pb_column][\/et_pb_row][et_pb_row column_structure=&#8221;1_2,1_2&#8243; make_equal=&#8221;on&#8221; disabled_on=&#8221;on|on|on&#8221; _builder_version=&#8221;4.20.0&#8243; _module_preset=&#8221;default&#8221; disabled=&#8221;on&#8221; global_colors_info=&#8221;{}&#8221;][et_pb_column type=&#8221;1_2&#8243; _builder_version=&#8221;4.19.4&#8243; _module_preset=&#8221;default&#8221; background_color=&#8221;#eeeeee&#8221; custom_padding=&#8221;20px|20px|20px|20px|true|true&#8221; box_shadow_style=&#8221;preset3&#8243; global_colors_info=&#8221;{}&#8221;][et_pb_text admin_label=&#8221;Dr. Alina Lessenich&#8221; _builder_version=&#8221;4.20.0&#8243; _module_preset=&#8221;default&#8221; global_colors_info=&#8221;{}&#8221;]<\/p>\n<h2><b>Dr. Alina Lessenich<\/b><\/h2>\n<p><b>09.02.2022: Silko G\u00fcnzel im Gespr\u00e4ch mit Dr. Alina Lessenich <\/b>\u00fcber die Wirkung von kolloidalen Metallen zur Impfausleitung, Gehirn- und Zirbeldr\u00fcsenaktivierung<\/p>\n<p>[\/et_pb_text][et_pb_text _builder_version=&#8221;4.19.4&#8243; _module_preset=&#8221;default&#8221; global_colors_info=&#8221;{}&#8221;]<\/p>\n<p><img decoding=\"async\" class=\"wp-image-32154  alignleft\" src=\"https:\/\/gesundheit-und-sport.com\/wp-content\/uploads\/2023\/01\/Telegram.png\" alt=\"\" width=\"50\" height=\"50 \" srcset=\"https:\/\/gesundheit-und-sport.com\/wp-content\/uploads\/2023\/01\/Telegram.png 200w, https:\/\/gesundheit-und-sport.com\/wp-content\/uploads\/2023\/01\/Telegram-150x150.png 150w\" sizes=\"(max-width: 200px) 100vw, 200px\" \/>Telegram:<br \/><strong><a href=\"https:\/\/t.me\/dralinalessenich\/450\" target=\"_blank\" rel=\"noopener\">https:\/\/t.me\/dralinalessenich\/450<\/a><\/strong><\/p>\n<p>[\/et_pb_text][et_pb_video src=&#8221;https:\/\/www.youtube.com\/watch?v=8laHPXko0iU&#8221; image_src=&#8221;https:\/\/gesundheit-und-sport.com\/wp-content\/uploads\/2023\/01\/VIDEO_OVERLAY-FGS3.jpg&#8221; play_icon_color=&#8221;#FFFFFF&#8221; font_icon=&#8221;&#x49;||divi||400&#8243; _builder_version=&#8221;4.19.4&#8243; _module_preset=&#8221;default&#8221; global_colors_info=&#8221;{}&#8221;][\/et_pb_video][et_pb_text _builder_version=&#8221;4.19.4&#8243; _module_preset=&#8221;default&#8221; global_colors_info=&#8221;{}&#8221;]<\/p>\n<p><b><span class=\"style-scope yt-formatted-string\" dir=\"auto\">Kolloidale Metalle von Trimedea<\/span><br \/><\/b><a href=\"https:\/\/trimedea.com\/?rev=Q23\" target=\"_blank\" rel=\"noopener\"><strong>Zum Shop<\/strong><\/a><\/p>\n<p><b><span class=\"style-scope yt-formatted-string\" dir=\"auto\">Spezialset Zirbeldr\u00fcse<\/span><br \/><\/b><a href=\"https:\/\/trimedea.com\/produkt-kategorie\/sets-und-angebote\/\" target=\"_blank\" rel=\"noopener\"><strong>Zum Shop<\/strong><\/a><\/p>\n<div id=\"malwarebytes-root\">\u00a0<\/div>\n<p>[\/et_pb_text][\/et_pb_column][et_pb_column type=&#8221;1_2&#8243; _builder_version=&#8221;4.19.4&#8243; _module_preset=&#8221;default&#8221; background_color=&#8221;#eeeeee&#8221; custom_padding=&#8221;20px|20px|20px|20px|true|true&#8221; box_shadow_style=&#8221;preset3&#8243; global_colors_info=&#8221;{}&#8221;][et_pb_text admin_label=&#8221;Wissenswertes \u00fcber Wasser&#8221; _builder_version=&#8221;4.20.0&#8243; _module_preset=&#8221;default&#8221; global_colors_info=&#8221;{}&#8221;]<\/p>\n<h2><b>Wissenswertes \u00fcber Wasser<\/b><\/h2>\n<p><b>05.11.2022: <\/b><strong>Im Interview mit Dr. Alina Lessenich<\/strong> verr\u00e4t Silko G\u00fcnzel, was reines und energetisiertes Wasser ausmacht und wie man es schafft, dass es daheim aus dem Wasserhahn flie\u00dft.<\/p>\n<p>[\/et_pb_text][et_pb_text _builder_version=&#8221;4.19.4&#8243; _module_preset=&#8221;default&#8221; global_colors_info=&#8221;{}&#8221;]<\/p>\n<p><img decoding=\"async\" class=\"wp-image-32154  alignleft\" src=\"https:\/\/gesundheit-und-sport.com\/wp-content\/uploads\/2023\/01\/Telegram.png\" alt=\"\" width=\"50\" height=\"50 \" srcset=\"https:\/\/gesundheit-und-sport.com\/wp-content\/uploads\/2023\/01\/Telegram.png 200w, https:\/\/gesundheit-und-sport.com\/wp-content\/uploads\/2023\/01\/Telegram-150x150.png 150w\" sizes=\"(max-width: 200px) 100vw, 200px\" \/>Telegram:<br \/><strong><a href=\"https:\/\/t.me\/dralinalessenich\/296\" target=\"_blank\" rel=\"noopener\">https:\/\/t.me\/dralinalessenich\/296<\/a><\/strong><\/p>\n<p>[\/et_pb_text][et_pb_video src=&#8221;https:\/\/www.youtube.com\/watch?v=qXso5xbDk8I&#8221; image_src=&#8221;https:\/\/gesundheit-und-sport.com\/wp-content\/uploads\/2023\/01\/VIDEO_OVERLAY-FGS4.jpg&#8221; play_icon_color=&#8221;#FFFFFF&#8221; font_icon=&#8221;&#x49;||divi||400&#8243; _builder_version=&#8221;4.19.4&#8243; _module_preset=&#8221;default&#8221; global_colors_info=&#8221;{}&#8221;][\/et_pb_video][et_pb_text _builder_version=&#8221;4.19.4&#8243; _module_preset=&#8221;default&#8221; global_colors_info=&#8221;{}&#8221;]<\/p>\n<p><b><span class=\"style-scope yt-formatted-string\" dir=\"auto\"> AQUNA Osmose Light<\/span><\/b><span class=\"style-scope yt-formatted-string\" dir=\"auto\"> &#8211; stromlose Osmosefilteranlage <br \/>mit <\/span><b><span class=\"style-scope yt-formatted-string\" dir=\"auto\">UMH Wasseraktivierung<\/span><br \/><\/b><a href=\"https:\/\/trimedea.com\/produkt\/aquna-osmose-light-stromlos-wasserfiltersystem-mit-umh-wasseraktivierung\/?ref=Q23\" target=\"_blank\" rel=\"noopener\"><strong>Zum Shop<\/strong><\/a><\/p>\n<div id=\"malwarebytes-root\">\u00a0<\/div>\n<p>[\/et_pb_text][\/et_pb_column][\/et_pb_row][\/et_pb_section]<\/p>\n","protected":false},"excerpt":{"rendered":"<p>Dia is asking &#8230; Topic: Zeolite Silko G\u00fcnzel in conversation with Dia:\u00a0 How can I decide for myself, on the basis of knowledge, understanding and feeling, whether I need it at all, what to look out for and which of the many offers really suits me? Silko G\u00fcnzel explains the background to the exciting field [&hellip;]<\/p>\n","protected":false},"author":2,"featured_media":0,"parent":0,"menu_order":0,"comment_status":"closed","ping_status":"closed","template":"","meta":{"_et_pb_use_builder":"on","_et_pb_old_content":"","_et_gb_content_width":"","footnotes":""},"class_list":["post-39850","page","type-page","status-publish","hentry"],"_links":{"self":[{"href":"https:\/\/gesundheit-und-sport.com\/en\/wp-json\/wp\/v2\/pages\/39850","targetHints":{"allow":["GET"]}}],"collection":[{"href":"https:\/\/gesundheit-und-sport.com\/en\/wp-json\/wp\/v2\/pages"}],"about":[{"href":"https:\/\/gesundheit-und-sport.com\/en\/wp-json\/wp\/v2\/types\/page"}],"author":[{"embeddable":true,"href":"https:\/\/gesundheit-und-sport.com\/en\/wp-json\/wp\/v2\/users\/2"}],"replies":[{"embeddable":true,"href":"https:\/\/gesundheit-und-sport.com\/en\/wp-json\/wp\/v2\/comments?post=39850"}],"version-history":[{"count":29,"href":"https:\/\/gesundheit-und-sport.com\/en\/wp-json\/wp\/v2\/pages\/39850\/revisions"}],"predecessor-version":[{"id":49846,"href":"https:\/\/gesundheit-und-sport.com\/en\/wp-json\/wp\/v2\/pages\/39850\/revisions\/49846"}],"wp:attachment":[{"href":"https:\/\/gesundheit-und-sport.com\/en\/wp-json\/wp\/v2\/media?parent=39850"}],"curies":[{"name":"wp","href":"https:\/\/api.w.org\/{rel}","templated":true}]}}