{"id":51267,"date":"2017-06-06T12:46:13","date_gmt":"2017-06-06T10:46:13","guid":{"rendered":"https:\/\/gesundheit-und-sport.com\/obsahova-informace-fgs\/"},"modified":"2025-11-24T13:28:49","modified_gmt":"2025-11-24T12:28:49","slug":"obsahova-informace-fgs","status":"publish","type":"page","link":"https:\/\/gesundheit-und-sport.com\/cs\/obsahova-informace-fgs\/","title":{"rendered":"OBSAHOV\u00c1 INFORMACE FGS"},"content":{"rendered":"<p>[et_pb_section fb_built=&#8220;1&#8243; admin_label=&#8220;section&#8220; _builder_version=&#8220;4.16&#8243; global_colors_info=&#8220;{}&#8220;][et_pb_row admin_label=&#8220;row&#8220; _builder_version=&#8220;4.16&#8243; background_size=&#8220;initial&#8220; background_position=&#8220;top_left&#8220; background_repeat=&#8220;repeat&#8220; global_colors_info=&#8220;{}&#8220;][et_pb_column type=&#8220;4_4&#8243; _builder_version=&#8220;4.16&#8243; custom_padding=&#8220;|||&#8220; global_colors_info=&#8220;{}&#8220; custom_padding__hover=&#8220;|||&#8220;][et_pb_post_title meta=&#8220;off&#8220; featured_image=&#8220;off&#8220; admin_label=&#8220;Posttitel&#8220; _builder_version=&#8220;4.16&#8243; border_style=&#8220;solid&#8220; global_colors_info=&#8220;{}&#8220;][\/et_pb_post_title][et_pb_text admin_label=&#8220;Text&#8220; _builder_version=&#8220;4.27.4&#8243; custom_padding=&#8220;0px|||||&#8220; hover_enabled=&#8220;0&#8243; border_style=&#8220;solid&#8220; global_colors_info=&#8220;{}&#8220; sticky_enabled=&#8220;0&#8243;]<\/p>\n<div class=\"kis-postcontent\">\n<div class=\"kis-article\">\n<p><strong>Forschungsverein Gesundheit und Sport<\/strong><\/p>\n<p>6105 Leutasch, \u00d6sterreich<\/p>\n<p><strong>ZVR:<\/strong> 1466265092<\/p>\n<p><strong>Telefon DE: <\/strong>+49 (0) 178-6879424<br \/><strong>Telefon AT:<\/strong> +43 (0) 644 5023347<\/p>\n<p><strong>E-Mail:<\/strong> silko.guenzel@me.com<\/p>\n<p><strong>Za textov\u00fd obsah odpov\u00edd\u00e1:<br \/><\/strong>Silko G\u00fcnzel<br \/>Email: silko.guenzel@me.com<\/p>\n<p>&nbsp;<\/p>\n<p><strong>Upozorn\u011bn\u00ed ohledn\u011b odpov\u011bdnosti:<\/strong><\/p>\n<p>\u00a9 2025 Copyright <strong>Forschungsverein Gesundheit und Sport<\/strong><br \/>V\u0161echna pr\u00e1va vyhrazena. V\u0161echny texty, obr\u00e1zky, vyobrazen\u00ed, grafy, zvukov\u00e9, video a anima\u010dn\u00ed soubory pou\u017eit\u00e9 na t\u00e9to domovsk\u00e9 str\u00e1nce, jako\u017e i jej\u00ed rozvr\u017een\u00ed a sestaven\u00ed podl\u00e9haj\u00ed autorsk\u00e9mu pr\u00e1vu a dal\u0161\u00edm z\u00e1kon\u016fm na ochranu du\u0161evn\u00edho vlastnictv\u00ed. Tyto obsahy nesm\u011bj\u00ed b\u00fdt kop\u00edrov\u00e1ny pro komer\u010dn\u00ed \u00fa\u010dely, ukl\u00e1d\u00e1ny pro jejich pou\u017eit\u00ed, ani m\u011bn\u011bny a pou\u017e\u00edv\u00e1ny na jin\u00fdch webov\u00fdch str\u00e1nk\u00e1ch. N\u011bkter\u00e9 internetov\u00e9 str\u00e1nky obsahuj\u00ed tak\u00e9 materi\u00e1ly, kter\u00e9 podl\u00e9haj\u00ed autorsk\u00fdm pr\u00e1v\u016fm t\u011bch, kte\u0159\u00ed je poskytli. Kone\u010dn\u011b tyto str\u00e1nky obsahuj\u00ed tak\u00e9 odkazy na jin\u00e9 str\u00e1nky na internetu. Upozor\u0148ujeme, \u017ee v\u00fdzkumn\u00e1 asociace Gesundheit und Sport nem\u00e1 \u017e\u00e1dn\u00fd vliv na podobu a obsah t\u011bchto jin\u00fdch str\u00e1nek, na kter\u00e9 odkazujeme. Nelze p\u0159evz\u00edt \u017e\u00e1dnou odpov\u011bdnost za obsah, aktu\u00e1lnost, \u00faplnost nebo kvalitu informac\u00ed, kter\u00e9 jsou zde poskytov\u00e1ny. Toto prohl\u00e1\u0161en\u00ed plat\u00ed pro v\u0161echny odkazy na extern\u00ed str\u00e1nky a jejich obsah obsa\u017een\u00e9 na na\u0161ich internetov\u00fdch str\u00e1nk\u00e1ch.<\/p>\n<p>Provozovatel t\u011bchto informac\u00ed, kter\u00fd je vytvo\u0159il podle sv\u00e9ho nejlep\u0161\u00edho v\u011bdom\u00ed a sv\u011bdom\u00ed, jako \u010dlov\u011bk vyu\u017e\u00edv\u00e1 sv\u00e9ho pr\u00e1va na svobodu projevu a informac\u00ed podle \u010dl\u00e1nku 19 V\u0161eobecn\u00e9 deklarace lidsk\u00fdch pr\u00e1v (AEMR); obsah t\u00e9to webov\u00e9 str\u00e1nky proto podl\u00e9h\u00e1 t\u011bmto univerz\u00e1ln\u00edm lidsk\u00fdm pr\u00e1v\u016fm na svobodu projevu a m\u00e1 p\u0159ednost p\u0159ed pod\u0159\u00edzen\u00fdmi nebo omezuj\u00edc\u00edmi pr\u00e1vn\u00edmi \u00farovn\u011bmi.<\/p>\n<p>S v\u00fdhradou chyb a technick\u00fdch zm\u011bn.<\/p>\n<p>Na t\u00e9to webov\u00e9 str\u00e1nce jsou pou\u017eity obr\u00e1zky z www.fotolia.de a www.shutterstock.com.<\/p>\n<\/div>\n<\/div>\n<p>[\/et_pb_text][\/et_pb_column][\/et_pb_row][\/et_pb_section]<\/p>\n","protected":false},"excerpt":{"rendered":"<p>Forschungsverein Gesundheit und Sport 6105 Leutasch, \u00d6sterreich ZVR: 1466265092 Telefon DE: +49 (0) 178-6879424Telefon AT: +43 (0) 644 5023347 E-Mail: silko.guenzel@me.com Za textov\u00fd obsah odpov\u00edd\u00e1:Silko G\u00fcnzelEmail: silko.guenzel@me.com &nbsp; Upozorn\u011bn\u00ed ohledn\u011b odpov\u011bdnosti: \u00a9 2025 Copyright Forschungsverein Gesundheit und SportV\u0161echna pr\u00e1va vyhrazena. V\u0161echny texty, obr\u00e1zky, vyobrazen\u00ed, grafy, zvukov\u00e9, video a anima\u010dn\u00ed soubory pou\u017eit\u00e9 na t\u00e9to domovsk\u00e9 str\u00e1nce, [&hellip;]<\/p>\n","protected":false},"author":1,"featured_media":0,"parent":0,"menu_order":0,"comment_status":"closed","ping_status":"closed","template":"","meta":{"_et_pb_use_builder":"on","_et_pb_old_content":"","_et_gb_content_width":"","footnotes":""},"class_list":["post-51267","page","type-page","status-publish","hentry"],"_links":{"self":[{"href":"https:\/\/gesundheit-und-sport.com\/cs\/wp-json\/wp\/v2\/pages\/51267","targetHints":{"allow":["GET"]}}],"collection":[{"href":"https:\/\/gesundheit-und-sport.com\/cs\/wp-json\/wp\/v2\/pages"}],"about":[{"href":"https:\/\/gesundheit-und-sport.com\/cs\/wp-json\/wp\/v2\/types\/page"}],"author":[{"embeddable":true,"href":"https:\/\/gesundheit-und-sport.com\/cs\/wp-json\/wp\/v2\/users\/1"}],"replies":[{"embeddable":true,"href":"https:\/\/gesundheit-und-sport.com\/cs\/wp-json\/wp\/v2\/comments?post=51267"}],"version-history":[{"count":2,"href":"https:\/\/gesundheit-und-sport.com\/cs\/wp-json\/wp\/v2\/pages\/51267\/revisions"}],"predecessor-version":[{"id":51269,"href":"https:\/\/gesundheit-und-sport.com\/cs\/wp-json\/wp\/v2\/pages\/51267\/revisions\/51269"}],"wp:attachment":[{"href":"https:\/\/gesundheit-und-sport.com\/cs\/wp-json\/wp\/v2\/media?parent=51267"}],"curies":[{"name":"wp","href":"https:\/\/api.w.org\/{rel}","templated":true}]}}