{"id":42795,"date":"2021-02-01T10:16:44","date_gmt":"2021-02-01T09:16:44","guid":{"rendered":"https:\/\/gesundheit-und-sport.com\/news-und-grundlagen-zu-gesundheitsthemen\/"},"modified":"2023-12-15T10:40:24","modified_gmt":"2023-12-15T09:40:24","slug":"novinky-a-zakladni-informace-o-zdravotnich-tematech","status":"publish","type":"page","link":"https:\/\/gesundheit-und-sport.com\/cs\/novinky-a-zakladni-informace-o-zdravotnich-tematech\/","title":{"rendered":"NOVINKY A Z\u00c1KLADN\u00cd INFORMACE O ZDRAVOTN\u00cdCH T\u00c9MATECH"},"content":{"rendered":"<p>[et_pb_section fb_built=&#8220;1&#8243; admin_label=&#8220;section&#8220; _builder_version=&#8220;4.16&#8243; global_colors_info=&#8220;{}&#8220;][et_pb_row admin_label=&#8220;row&#8220; _builder_version=&#8220;4.16&#8243; background_size=&#8220;initial&#8220; background_position=&#8220;top_left&#8220; background_repeat=&#8220;repeat&#8220; custom_padding=&#8220;||0px||false|false&#8220; global_colors_info=&#8220;{}&#8220;][et_pb_column type=&#8220;4_4&#8243; _builder_version=&#8220;4.16&#8243; custom_padding=&#8220;|||&#8220; global_colors_info=&#8220;{}&#8220; custom_padding__hover=&#8220;|||&#8220;][et_pb_post_title meta=&#8220;off&#8220; featured_image=&#8220;off&#8220; admin_label=&#8220;Posttitel&#8220; _builder_version=&#8220;4.16&#8243; border_style=&#8220;solid&#8220; global_colors_info=&#8220;{}&#8220;][\/et_pb_post_title][et_pb_text admin_label=&#8220;Text&#8220; _builder_version=&#8220;4.23.1&#8243; border_style=&#8220;solid&#8220; global_colors_info=&#8220;{}&#8220;]<\/p>\n<div class=\"kis-postcontent\">\n<div class=\"kis-article\">\n<p>\u00a0V\u00fdsti\u017en\u00e9, jasn\u00e9, srozumiteln\u00e9, podrobn\u00e9: Zde si m\u016f\u017eete p\u0159e\u010d\u00edst zaj\u00edmav\u00e9 dopl\u0148uj\u00edc\u00ed <strong>informace o r\u016fzn\u00fdch zdravotn\u00edch t\u00e9matech a p\u016fvodech nemoc\u00ed<\/strong>. Pokud m\u00e1te n\u011bjak\u00e9 dotazy nebo p\u0159ipom\u00ednky, budeme se t\u011b\u0161it na va\u0161e koment\u00e1\u0159e.<\/p>\n<\/div>\n<\/div>\n<p>[\/et_pb_text][\/et_pb_column][\/et_pb_row][\/et_pb_section][et_pb_section fb_built=&#8220;1&#8243; specialty=&#8220;on&#8220; _builder_version=&#8220;4.16&#8243; _module_preset=&#8220;default&#8220; custom_margin=&#8220;0px||||false|false&#8220; custom_padding=&#8220;0px||||false|false&#8220; global_colors_info=&#8220;{}&#8220;][et_pb_column type=&#8220;3_4&#8243; specialty_columns=&#8220;3&#8243; _builder_version=&#8220;4.16&#8243; custom_padding=&#8220;|||&#8220; global_colors_info=&#8220;{}&#8220; custom_padding__hover=&#8220;|||&#8220;][et_pb_row_inner _builder_version=&#8220;4.16&#8243; _module_preset=&#8220;default&#8220; global_colors_info=&#8220;{}&#8220;][et_pb_column_inner saved_specialty_column_type=&#8220;3_4&#8243; _builder_version=&#8220;4.16&#8243; _module_preset=&#8220;default&#8220; global_colors_info=&#8220;{}&#8220;][et_pb_blog posts_number=&#8220;25&#8243; include_categories=&#8220;79,71&#8243; excerpt_length=&#8220;250&#8243; show_more=&#8220;on&#8220; show_author=&#8220;off&#8220; show_date=&#8220;off&#8220; show_categories=&#8220;off&#8220; module_class=&#8220;bbb_blog_list&#8220; _builder_version=&#8220;4.23.1&#8243; _module_preset=&#8220;default&#8220; global_colors_info=&#8220;{}&#8220;][\/et_pb_blog][\/et_pb_column_inner][\/et_pb_row_inner][et_pb_row_inner disabled_on=&#8220;on|on|on&#8220; _builder_version=&#8220;4.22.1&#8243; _module_preset=&#8220;default&#8220; disabled=&#8220;on&#8220; global_colors_info=&#8220;{}&#8220;][et_pb_column_inner saved_specialty_column_type=&#8220;3_4&#8243; _builder_version=&#8220;4.22.1&#8243; _module_preset=&#8220;default&#8220; global_colors_info=&#8220;{}&#8220;][et_pb_text _builder_version=&#8220;4.22.1&#8243; _module_preset=&#8220;default&#8220; global_colors_info=&#8220;{}&#8220;]<\/p>\n<h2>Keine FGS-Artikel mehr verpassen?<\/h2>\n<p>Melden Sie sich f\u00fcr unseren Newsletter an und erhalten Sie monatliche Updates zu spannenden Gesundheitsthemen, Diagnose- und Therapieverfahren.<\/p>\n<p>[\/et_pb_text][et_pb_button button_url=&#8220;https:\/\/gesundheit-und-sport.com\/newsletteranmeldung\/&#8220; button_text=&#8220;ZUR ANMELDUNG&#8220; _builder_version=&#8220;4.22.1&#8243; _module_preset=&#8220;default&#8220; global_colors_info=&#8220;{}&#8220;][\/et_pb_button][\/et_pb_column_inner][\/et_pb_row_inner][\/et_pb_column][et_pb_column type=&#8220;1_4&#8243; _builder_version=&#8220;4.16&#8243; custom_padding=&#8220;|||&#8220; global_colors_info=&#8220;{}&#8220; custom_padding__hover=&#8220;|||&#8220;][et_pb_sidebar show_border=&#8220;off&#8220; _builder_version=&#8220;4.16&#8243; _module_preset=&#8220;default&#8220; header_font=&#8220;|||on|||||&#8220; header_text_color=&#8220;#2272BD&#8220; body_font=&#8220;|600|||||||&#8220; body_line_height=&#8220;1.3em&#8220; global_colors_info=&#8220;{}&#8220; body_text_color__hover_enabled=&#8220;on|hover&#8220; body_text_color__hover=&#8220;#2272BD&#8220;][\/et_pb_sidebar][\/et_pb_column][\/et_pb_section]<\/p>\n","protected":false},"excerpt":{"rendered":"<p>\u00a0V\u00fdsti\u017en\u00e9, jasn\u00e9, srozumiteln\u00e9, podrobn\u00e9: Zde si m\u016f\u017eete p\u0159e\u010d\u00edst zaj\u00edmav\u00e9 dopl\u0148uj\u00edc\u00ed informace o r\u016fzn\u00fdch zdravotn\u00edch t\u00e9matech a p\u016fvodech nemoc\u00ed. Pokud m\u00e1te n\u011bjak\u00e9 dotazy nebo p\u0159ipom\u00ednky, budeme se t\u011b\u0161it na va\u0161e koment\u00e1\u0159e. Keine FGS-Artikel mehr verpassen? Melden Sie sich f\u00fcr unseren Newsletter an und erhalten Sie monatliche Updates zu spannenden Gesundheitsthemen, Diagnose- und Therapieverfahren.<\/p>\n","protected":false},"author":4,"featured_media":0,"parent":0,"menu_order":0,"comment_status":"closed","ping_status":"closed","template":"","meta":{"_et_pb_use_builder":"on","_et_pb_old_content":"","_et_gb_content_width":"","footnotes":""},"class_list":["post-42795","page","type-page","status-publish","hentry"],"_links":{"self":[{"href":"https:\/\/gesundheit-und-sport.com\/cs\/wp-json\/wp\/v2\/pages\/42795","targetHints":{"allow":["GET"]}}],"collection":[{"href":"https:\/\/gesundheit-und-sport.com\/cs\/wp-json\/wp\/v2\/pages"}],"about":[{"href":"https:\/\/gesundheit-und-sport.com\/cs\/wp-json\/wp\/v2\/types\/page"}],"author":[{"embeddable":true,"href":"https:\/\/gesundheit-und-sport.com\/cs\/wp-json\/wp\/v2\/users\/4"}],"replies":[{"embeddable":true,"href":"https:\/\/gesundheit-und-sport.com\/cs\/wp-json\/wp\/v2\/comments?post=42795"}],"version-history":[{"count":8,"href":"https:\/\/gesundheit-und-sport.com\/cs\/wp-json\/wp\/v2\/pages\/42795\/revisions"}],"predecessor-version":[{"id":42900,"href":"https:\/\/gesundheit-und-sport.com\/cs\/wp-json\/wp\/v2\/pages\/42795\/revisions\/42900"}],"wp:attachment":[{"href":"https:\/\/gesundheit-und-sport.com\/cs\/wp-json\/wp\/v2\/media?parent=42795"}],"curies":[{"name":"wp","href":"https:\/\/api.w.org\/{rel}","templated":true}]}}